{"id":24988,"date":"2018-03-26T17:42:55","date_gmt":"2018-03-26T08:42:55","guid":{"rendered":"http:\/\/www.urabandai-inf.com\/?page_id=24988"},"modified":"2022-04-04T11:58:42","modified_gmt":"2022-04-04T02:58:42","slug":"%e5%b0%8f%e9%87%8e%e5%b7%9d%e4%b8%8d%e5%8b%95%e6%bb%9d","status":"publish","type":"page","link":"https:\/\/www.urabandai-inf.com\/en\/?page_id=24988","title":{"rendered":"Onogawa Fudotaki Waterfall"},"content":{"rendered":"<h2><strong>A dynamic, splashing waterfall with a falling height of 25 metres.<\/strong><\/h2>\n<div aria-live=\"polite\" id=\"soliloquy-container-30776\" class=\"soliloquy-container soliloquy-transition-fade  soliloquy-theme-base\" style=\"max-width:750px;max-height:500px;\"><ul id=\"soliloquy-30776\" class=\"soliloquy-slider soliloquy-slides soliloquy-wrap soliloquy-clear\"><li aria-hidden=\"true\" class=\"soliloquy-item soliloquy-item-1 soliloquy-image-slide\" draggable=\"false\" style=\"list-style:none\"><img id=\"soliloquy-image-31499\" class=\"soliloquy-image soliloquy-image-1\" src=\"https:\/\/www.urabandai-inf.com\/en\/wp-content\/uploads\/2022\/04\/001-9-750x500_c.jpg\" alt=\"001\" \/><\/li><li aria-hidden=\"true\" class=\"soliloquy-item soliloquy-item-2 soliloquy-image-slide\" draggable=\"false\" style=\"list-style:none\"><img id=\"soliloquy-image-31500\" class=\"soliloquy-image soliloquy-image-2\" src=\"https:\/\/www.urabandai-inf.com\/en\/wp-content\/uploads\/2022\/04\/002-9-750x500_c.jpg\" alt=\"002\" \/><\/li><li aria-hidden=\"true\" class=\"soliloquy-item soliloquy-item-3 soliloquy-image-slide\" draggable=\"false\" style=\"list-style:none\"><img id=\"soliloquy-image-31501\" class=\"soliloquy-image soliloquy-image-3\" src=\"https:\/\/www.urabandai-inf.com\/en\/wp-content\/uploads\/2022\/04\/003-7-750x500_c.jpg\" alt=\"003\" \/><\/li><li aria-hidden=\"true\" class=\"soliloquy-item soliloquy-item-4 soliloquy-image-slide\" draggable=\"false\" style=\"list-style:none\"><img id=\"soliloquy-image-31502\" class=\"soliloquy-image soliloquy-image-4\" src=\"https:\/\/www.urabandai-inf.com\/en\/wp-content\/uploads\/2022\/04\/004-7-scaled-750x500_c.jpg\" alt=\"004\" \/><\/li><li aria-hidden=\"true\" class=\"soliloquy-item soliloquy-item-5 soliloquy-image-slide\" draggable=\"false\" style=\"list-style:none\"><img id=\"soliloquy-image-31503\" class=\"soliloquy-image soliloquy-image-5\" src=\"https:\/\/www.urabandai-inf.com\/en\/wp-content\/uploads\/2022\/04\/005-5-scaled-750x500_c.jpg\" alt=\"005\" \/><\/li><li aria-hidden=\"true\" class=\"soliloquy-item soliloquy-item-6 soliloquy-image-slide\" draggable=\"false\" style=\"list-style:none\"><img id=\"soliloquy-image-31504\" class=\"soliloquy-image soliloquy-image-6\" src=\"https:\/\/www.urabandai-inf.com\/en\/wp-content\/uploads\/2022\/04\/006-4-scaled-750x500_c.jpg\" alt=\"006\" \/><\/li><li aria-hidden=\"true\" class=\"soliloquy-item soliloquy-item-7 soliloquy-image-slide\" draggable=\"false\" style=\"list-style:none\"><img id=\"soliloquy-image-31505\" class=\"soliloquy-image soliloquy-image-7\" src=\"https:\/\/www.urabandai-inf.com\/en\/wp-content\/uploads\/2022\/04\/007-scaled-750x500_c.jpg\" alt=\"007\" \/><\/li><li aria-hidden=\"true\" class=\"soliloquy-item soliloquy-item-8 soliloquy-image-slide\" draggable=\"false\" style=\"list-style:none\"><img id=\"soliloquy-image-31506\" class=\"soliloquy-image soliloquy-image-8\" src=\"https:\/\/www.urabandai-inf.com\/en\/wp-content\/uploads\/2022\/04\/008-scaled-750x500_c.jpg\" alt=\"008\" \/><\/li><\/ul><\/div><noscript><style type=\"text\/css\">#soliloquy-container-30776{opacity:1}<\/style><\/noscript>\n<p>Fudotaki Waterfall is located upstream of Lake Onogawa. The falls are named after Fud\u014d My\u014d-\u014d, also known as Acala (a type of wrathful god in the Buddhist tradition).<br \/>\nThe waterfall is fed by the Hyakken Shimizu spring in the Bandai highlands. This water, known as Onogawa Spring Water, has been nominated as one of a hundred famous clear waters in Japan.<\/p>\n<p>The scale of the waterfall is 25 metres.<br \/>\nThe falls are at their most powerful in late April to early May due to the melting snow water.<\/p>\n<p>\u590f\u306b\u306f\u529b\u5f37\u3044\u6c34\u3057\u3076\u304d\u306e\u723d\u5feb\u611f\u304c\u611f\u3058\u3089\u308c\u308b\u907f\u6691\u5730\u3068\u306a\u308a\u3001\u79cb\u306b\u306f\u7d05\u8449\u304c\u7f8e\u3057\u3044\u3002<br \/>\n\u51ac\u306b\u306f\u6edd\u306e\u6c34\u3057\u3076\u304d\u304c\u9752\u304f\u51cd\u308b\u73fe\u8c61(\u30d6\u30eb\u30fc\u30a2\u30a4\u30b9)\u3092\u898b\u308b\u3053\u3068\u304c\u3067\u304d\u308b\u3002<\/p>\n<p>\u203b\u51ac\u306e\u500b\u4eba\u3067\u306e\u30c8\u30ec\u30c3\u30ad\u30f3\u30b0\u306f\u5927\u5909\u5371\u967a\u3067\u3059\u306e\u3067\u3001\u30ac\u30a4\u30c9\u30c4\u30a2\u30fc\u3092\u3054\u5229\u7528\u304f\u3060\u3055\u3044\u3002<br \/>\n<a href=\"https:\/\/www.urabandai-inf.com\/en\/?page_id=24948\">\u21d2Click here for more details<\/a><\/p>\n<h2>Onogawa Fudotaki Waterfall Trail<\/h2>\n<p>\u25a0Overall length: About 1 km<br \/>\n\u25a0Duration: Approximately 30 minutes (one way)<br \/>\n\u25a0\u9ad8\u4f4e\u5dee\uff1a70m<br \/>\n\u25a0Difficulty: Beginner(\u9053\u4e2d\u52fe\u914d\u306e\u3042\u308b\u968e\u6bb5\u6709\u308a)<\/p>\n<p><a href=\"https:\/\/www.urabandai-inf.com\/en\/?page_id=25031\">\u21d2Click here for more details<\/a><\/p>\n<h3><strong>Access<\/strong><\/h3>\n<p>\u25a0\u8eca\u306e\u5834\u5408<br \/>\n\u5c0f\u91ce\u5ddd\u4e0d\u52d5\u6edd\u99d0\u8eca\u5834\u3082\u3057\u304f\u306f\u4e0b\u8a18MAP\u4e2d\u592e\u90e8\u306e\u5c0f\u91ce\u5ddd\u4e0d\u52d5\u6edd\u7b2c\u4e8c\u99d0\u8eca\u5834\u3092\u5229\u7528\u3002<\/p>\n<p>\u25a0\u516c\u5171\u4ea4\u901a\u6a5f\u95a2\u306e\u5834\u5408<br \/>\n\u5468\u8fba\u306b\u306f\u30d0\u30b9\u505c\u304c\u306a\u3044\u305f\u3081\u3001\u89b3\u5149\u30bf\u30af\u30b7\u30fc\u306e\u5229\u7528\u304c\u304a\u3059\u3059\u3081\u3002<br \/>\n\u21d2\u89b3\u5149\u30bf\u30af\u30b7\u30fc\u4e00\u89a7<\/p>\n<p>\u30fb\u5c0f\u91ce\u5ddd\u4e0d\u52d5\u6edd\u99d0\u8eca\u5834<\/p>\n<p><iframe loading=\"lazy\" tabindex=\"0\" src=\"https:\/\/www.google.com\/maps\/embed?pb=!1m14!1m8!1m3!1d5166.374611725487!2d140.12046152978633!3d37.68552600730489!3m2!1i1024!2i768!4f13.1!3m3!1m2!1s0x5f8abdf97a86459b%3A0x50bf9e45e6f998aa!2z5bCP6YeO5bed5LiN5YuV5rud6aeQ6LuK5aC0!5e1!3m2!1sja!2sjp!4v1595740604487!5m2!1sja!2sjp\" width=\"600\" height=\"450\" frameborder=\"0\" allowfullscreen=\"allowfullscreen\" aria-hidden=\"false\" data-mce-fragment=\"1\"><\/iframe><\/p>\n<p>\u30fb\u5c0f\u91ce\u5ddd\u4e0d\u52d5\u6edd\u7b2c\u4e8c\u99d0\u8eca\u5834<\/p>\n<p><iframe loading=\"lazy\" tabindex=\"0\" src=\"https:\/\/www.google.com\/maps\/embed?pb=!1m10!1m8!1m3!1d837.4199726170156!2d140.1334771005774!3d37.69215851985643!3m2!1i1024!2i768!4f13.1!5e1!3m2!1sja!2sjp!4v1595741131710!5m2!1sja!2sjp\" width=\"600\" height=\"450\" frameborder=\"0\" allowfullscreen=\"allowfullscreen\" aria-hidden=\"false\" data-mce-fragment=\"1\"><\/iframe><\/p>\n<p>&nbsp;<\/p>\n<p><a href=\"https:\/\/www.urabandai-inf.com\/en\/?page_id=25592\">\u21d2Here are other sightseeing spots<\/a><\/p>\n","protected":false},"excerpt":{"rendered":"<p>A dynamic, splashing waterfall with a falling height of 25 metres. Fudotaki Waterfall is located upstream of Lake Onogawa. The falls are named after Fud\u014d My\u014d-\u014d, also known as Acala (a type of wrathful god in the Buddhist tradition). The waterfall is fed by the Hyakken Shimizu spring in the Bandai highlands. This water, known [&hellip;]<\/p>\n","protected":false},"author":5,"featured_media":0,"parent":25592,"menu_order":11,"comment_status":"closed","ping_status":"closed","template":"","meta":[],"_links":{"self":[{"href":"https:\/\/www.urabandai-inf.com\/en\/index.php?rest_route=\/wp\/v2\/pages\/24988"}],"collection":[{"href":"https:\/\/www.urabandai-inf.com\/en\/index.php?rest_route=\/wp\/v2\/pages"}],"about":[{"href":"https:\/\/www.urabandai-inf.com\/en\/index.php?rest_route=\/wp\/v2\/types\/page"}],"author":[{"embeddable":true,"href":"https:\/\/www.urabandai-inf.com\/en\/index.php?rest_route=\/wp\/v2\/users\/5"}],"replies":[{"embeddable":true,"href":"https:\/\/www.urabandai-inf.com\/en\/index.php?rest_route=%2Fwp%2Fv2%2Fcomments&post=24988"}],"version-history":[{"count":0,"href":"https:\/\/www.urabandai-inf.com\/en\/index.php?rest_route=\/wp\/v2\/pages\/24988\/revisions"}],"up":[{"embeddable":true,"href":"https:\/\/www.urabandai-inf.com\/en\/index.php?rest_route=\/wp\/v2\/pages\/25592"}],"wp:attachment":[{"href":"https:\/\/www.urabandai-inf.com\/en\/index.php?rest_route=%2Fwp%2Fv2%2Fmedia&parent=24988"}],"curies":[{"name":"wp","href":"https:\/\/api.w.org\/{rel}","templated":true}]}}